{"id":407,"date":"2025-12-17T16:51:29","date_gmt":"2025-12-17T16:51:29","guid":{"rendered":"https:\/\/service-france.com\/?page_id=407"},"modified":"2025-12-18T21:06:12","modified_gmt":"2025-12-18T21:06:12","slug":"wer-sind-wir","status":"publish","type":"page","link":"https:\/\/service-france.com\/de\/wer-sind-wir\/","title":{"rendered":"Wer sind wir?"},"content":{"rendered":"<div data-elementor-type=\"wp-page\" data-elementor-id=\"407\" class=\"elementor elementor-407\" data-elementor-post-type=\"page\">\n\t\t\t\t\t\t<section class=\"elementor-section elementor-top-section elementor-element elementor-element-c913c82 elementor-section-height-min-height elementor-section-boxed elementor-section-height-default elementor-section-items-middle\" data-id=\"c913c82\" data-element_type=\"section\" data-e-type=\"section\">\n\t\t\t\t\t\t<div class=\"elementor-container elementor-column-gap-default\">\n\t\t\t\t\t<div class=\"elementor-column elementor-col-100 elementor-top-column elementor-element elementor-element-a394b69\" data-id=\"a394b69\" data-element_type=\"column\" data-e-type=\"column\">\n\t\t\t<div class=\"elementor-widget-wrap elementor-element-populated\">\n\t\t\t\t\t\t<div class=\"elementor-element elementor-element-e286f71 de_scroll_animation_no elementor-widget elementor-widget-heading\" data-id=\"e286f71\" data-element_type=\"widget\" data-e-type=\"widget\" data-widget_type=\"heading.default\">\n\t\t\t\t\t<h1 class=\"elementor-heading-title elementor-size-default\">Wer sind wir?<\/h1>\t\t\t\t<\/div>\n\t\t\t\t<div class=\"elementor-element elementor-element-e5187b4 elementor-icon-list--layout-inline elementor-align-center elementor-list-item-link-full_width de_scroll_animation_no elementor-widget elementor-widget-icon-list\" data-id=\"e5187b4\" data-element_type=\"widget\" data-e-type=\"widget\" data-widget_type=\"icon-list.default\">\n\t\t\t\t\t\t\t<ul class=\"elementor-icon-list-items elementor-inline-items\">\n\t\t\t\t\t\t\t<li class=\"elementor-icon-list-item elementor-inline-item\">\n\t\t\t\t\t\t\t\t\t\t\t<a href=\"https:\/\/service-france.com\/de\/accueil-dt\/\">\n\n\t\t\t\t\t\t\t\t\t\t\t<span class=\"elementor-icon-list-text\">Startseite<\/span>\n\t\t\t\t\t\t\t\t\t\t\t<\/a>\n\t\t\t\t\t\t\t\t\t<\/li>\n\t\t\t\t\t\t\t\t<li class=\"elementor-icon-list-item elementor-inline-item\">\n\t\t\t\t\t\t\t\t\t\t\t<span class=\"elementor-icon-list-icon\">\n\t\t\t\t\t\t\t<svg aria-hidden=\"true\" class=\"e-font-icon-svg e-fas-star-of-life\" viewbox=\"0 0 480 512\" xmlns=\"http:\/\/www.w3.org\/2000\/svg\"><path d=\"M471.99 334.43L336.06 256l135.93-78.43c7.66-4.42 10.28-14.2 5.86-21.86l-32.02-55.43c-4.42-7.65-14.21-10.28-21.87-5.86l-135.93 78.43V16c0-8.84-7.17-16-16.01-16h-64.04c-8.84 0-16.01 7.16-16.01 16v156.86L56.04 94.43c-7.66-4.42-17.45-1.79-21.87 5.86L2.15 155.71c-4.42 7.65-1.8 17.44 5.86 21.86L143.94 256 8.01 334.43c-7.66 4.42-10.28 14.21-5.86 21.86l32.02 55.43c4.42 7.65 14.21 10.27 21.87 5.86l135.93-78.43V496c0 8.84 7.17 16 16.01 16h64.04c8.84 0 16.01-7.16 16.01-16V339.14l135.93 78.43c7.66 4.42 17.45 1.8 21.87-5.86l32.02-55.43c4.42-7.65 1.8-17.43-5.86-21.85z\"><\/path><\/svg>\t\t\t\t\t\t<\/span>\n\t\t\t\t\t\t\t\t\t\t<span class=\"elementor-icon-list-text\">Wer sind wir?<\/span>\n\t\t\t\t\t\t\t\t\t<\/li>\n\t\t\t\t\t\t<\/ul>\n\t\t\t\t\t\t<\/div>\n\t\t\t\t\t<\/div>\n\t\t<\/div>\n\t\t\t\t\t<\/div>\n\t\t<\/section>\n\t\t\t\t<section class=\"elementor-section elementor-top-section elementor-element elementor-element-64032d73 elementor-section-content-middle elementor-section-boxed elementor-section-height-default elementor-section-height-default\" data-id=\"64032d73\" data-element_type=\"section\" data-e-type=\"section\">\n\t\t\t\t\t\t<div class=\"elementor-container elementor-column-gap-default\">\n\t\t\t\t\t<div class=\"elementor-column elementor-col-50 elementor-top-column elementor-element elementor-element-5dbba61f\" data-id=\"5dbba61f\" data-element_type=\"column\" data-e-type=\"column\">\n\t\t\t<div class=\"elementor-widget-wrap elementor-element-populated\">\n\t\t\t\t\t\t<div class=\"elementor-element elementor-element-36a14443 de_scroll_animation_no elementor-widget elementor-widget-heading\" data-id=\"36a14443\" data-element_type=\"widget\" data-e-type=\"widget\" data-widget_type=\"heading.default\">\n\t\t\t\t\t<h2 class=\"elementor-heading-title elementor-size-default\">Mehr als ein Schreibservice \u2013 Ihr vertrauensw\u00fcrdiger Partner.<\/h2>\t\t\t\t<\/div>\n\t\t\t\t<div class=\"elementor-element elementor-element-74616c9c de_scroll_animation_no elementor-widget elementor-widget-text-editor\" data-id=\"74616c9c\" data-element_type=\"widget\" data-e-type=\"widget\" data-widget_type=\"text-editor.default\">\n\t\t\t\t\t\t\t\t\t<p>Urspr\u00fcnglich war der \u00f6ffentliche Schreiber jene Person, die auf dem Dorfplatz ihre Feder verlieh. Heute ist der \u201eDorfplatz\u201c digital, doch das Bed\u00fcrfnis ist dasselbe geblieben. Angesichts wachsender administrativer Komplexit\u00e4t und steigender Anforderungen im Web hat Service France dieses traditionsreiche Handwerk modernisiert. Wir haben ein Team aus Experten zusammengestellt \u2013 Juristen, Webredakteure und akademische Korrektoren \u2013 um exzellente Schreibqualit\u00e4t f\u00fcr alle zug\u00e4nglich zu machen, mit nur wenigen Klicks.<\/p>\t\t\t\t\t\t\t\t<\/div>\n\t\t\t\t<section class=\"elementor-section elementor-inner-section elementor-element elementor-element-3a17b927 elementor-section-boxed elementor-section-height-default elementor-section-height-default\" data-id=\"3a17b927\" data-element_type=\"section\" data-e-type=\"section\">\n\t\t\t\t\t\t<div class=\"elementor-container elementor-column-gap-default\">\n\t\t\t\t\t<div class=\"elementor-column elementor-col-50 elementor-inner-column elementor-element elementor-element-16375947\" data-id=\"16375947\" data-element_type=\"column\" data-e-type=\"column\" data-settings=\"{&quot;background_background&quot;:&quot;classic&quot;}\">\n\t\t\t<div class=\"elementor-widget-wrap elementor-element-populated\">\n\t\t\t\t\t\t<div class=\"elementor-element elementor-element-9a84e81 de_scroll_animation_no elementor-widget elementor-widget-spacer\" data-id=\"9a84e81\" data-element_type=\"widget\" data-e-type=\"widget\" data-widget_type=\"spacer.default\">\n\t\t\t\t\t\t\t<div class=\"elementor-spacer\">\n\t\t\t<div class=\"elementor-spacer-inner\"><\/div>\n\t\t<\/div>\n\t\t\t\t\t\t<\/div>\n\t\t\t\t\t<\/div>\n\t\t<\/div>\n\t\t\t\t<div class=\"elementor-column elementor-col-50 elementor-inner-column elementor-element elementor-element-7091426\" data-id=\"7091426\" data-element_type=\"column\" data-e-type=\"column\">\n\t\t\t<div class=\"elementor-widget-wrap elementor-element-populated\">\n\t\t\t\t\t\t<div class=\"elementor-element elementor-element-775cbf51 elementor-hidden-mobile de_scroll_animation_no elementor-widget elementor-widget-image\" data-id=\"775cbf51\" data-element_type=\"widget\" data-e-type=\"widget\" data-widget_type=\"image.default\">\n\t\t\t\t\t\t\t\t\t\t\t\t\t\t\t<img fetchpriority=\"high\" decoding=\"async\" width=\"800\" height=\"534\" src=\"https:\/\/service-france.com\/wp-content\/uploads\/2025\/12\/colleagues-indoors-work-in-office-with-laptop-comp-PHPEK76-1024x683.jpg\" class=\"attachment-large size-large wp-image-57\" alt=\"\" srcset=\"https:\/\/service-france.com\/wp-content\/uploads\/2025\/12\/colleagues-indoors-work-in-office-with-laptop-comp-PHPEK76-1024x683.jpg 1024w, https:\/\/service-france.com\/wp-content\/uploads\/2025\/12\/colleagues-indoors-work-in-office-with-laptop-comp-PHPEK76-600x400.jpg 600w, https:\/\/service-france.com\/wp-content\/uploads\/2025\/12\/colleagues-indoors-work-in-office-with-laptop-comp-PHPEK76-300x200.jpg 300w, https:\/\/service-france.com\/wp-content\/uploads\/2025\/12\/colleagues-indoors-work-in-office-with-laptop-comp-PHPEK76-768x512.jpg 768w, https:\/\/service-france.com\/wp-content\/uploads\/2025\/12\/colleagues-indoors-work-in-office-with-laptop-comp-PHPEK76-1536x1024.jpg 1536w, https:\/\/service-france.com\/wp-content\/uploads\/2025\/12\/colleagues-indoors-work-in-office-with-laptop-comp-PHPEK76-2048x1365.jpg 2048w\" sizes=\"(max-width: 800px) 100vw, 800px\" \/>\t\t\t\t\t\t\t\t\t\t\t\t\t\t\t<\/div>\n\t\t\t\t<div class=\"elementor-element elementor-element-5d0808c de_scroll_animation_no elementor-widget elementor-widget-image\" data-id=\"5d0808c\" data-element_type=\"widget\" data-e-type=\"widget\" data-widget_type=\"image.default\">\n\t\t\t\t\t\t\t\t\t\t\t\t\t\t\t<img decoding=\"async\" width=\"800\" height=\"510\" src=\"https:\/\/service-france.com\/wp-content\/uploads\/2025\/12\/dl.beatsnoop.com-final-rI6LxJNPDh-1024x653.jpg\" class=\"attachment-large size-large wp-image-218\" alt=\"\" srcset=\"https:\/\/service-france.com\/wp-content\/uploads\/2025\/12\/dl.beatsnoop.com-final-rI6LxJNPDh-1024x653.jpg 1024w, https:\/\/service-france.com\/wp-content\/uploads\/2025\/12\/dl.beatsnoop.com-final-rI6LxJNPDh-600x382.jpg 600w, https:\/\/service-france.com\/wp-content\/uploads\/2025\/12\/dl.beatsnoop.com-final-rI6LxJNPDh-300x191.jpg 300w, https:\/\/service-france.com\/wp-content\/uploads\/2025\/12\/dl.beatsnoop.com-final-rI6LxJNPDh-768x489.jpg 768w, https:\/\/service-france.com\/wp-content\/uploads\/2025\/12\/dl.beatsnoop.com-final-rI6LxJNPDh-1536x979.jpg 1536w, https:\/\/service-france.com\/wp-content\/uploads\/2025\/12\/dl.beatsnoop.com-final-rI6LxJNPDh.jpg 2048w\" sizes=\"(max-width: 800px) 100vw, 800px\" \/>\t\t\t\t\t\t\t\t\t\t\t\t\t\t\t<\/div>\n\t\t\t\t\t<\/div>\n\t\t<\/div>\n\t\t\t\t\t<\/div>\n\t\t<\/section>\n\t\t\t\t\t<\/div>\n\t\t<\/div>\n\t\t\t\t<div class=\"elementor-column elementor-col-50 elementor-top-column elementor-element elementor-element-2100e8a9\" data-id=\"2100e8a9\" data-element_type=\"column\" data-e-type=\"column\">\n\t\t\t<div class=\"elementor-widget-wrap elementor-element-populated\">\n\t\t\t\t\t\t<section class=\"elementor-section elementor-inner-section elementor-element elementor-element-258676b7 elementor-section-boxed elementor-section-height-default elementor-section-height-default\" data-id=\"258676b7\" data-element_type=\"section\" data-e-type=\"section\" data-settings=\"{&quot;background_background&quot;:&quot;classic&quot;}\">\n\t\t\t\t\t\t<div class=\"elementor-container elementor-column-gap-default\">\n\t\t\t\t\t<div class=\"elementor-column elementor-col-100 elementor-inner-column elementor-element elementor-element-189e2615\" data-id=\"189e2615\" data-element_type=\"column\" data-e-type=\"column\">\n\t\t\t<div class=\"elementor-widget-wrap elementor-element-populated\">\n\t\t\t\t\t\t<div class=\"elementor-element elementor-element-1672670b de_scroll_animation_no elementor-widget elementor-widget-heading\" data-id=\"1672670b\" data-element_type=\"widget\" data-e-type=\"widget\" data-widget_type=\"heading.default\">\n\t\t\t\t\t<h3 class=\"elementor-heading-title elementor-size-default\">Unsere Mission<\/h3>\t\t\t\t<\/div>\n\t\t\t\t<div class=\"elementor-element elementor-element-f0fd289 de_scroll_animation_no elementor-widget elementor-widget-text-editor\" data-id=\"f0fd289\" data-element_type=\"widget\" data-e-type=\"widget\" data-widget_type=\"text-editor.default\">\n\t\t\t\t\t\t\t\t\t<p data-start=\"802\" data-end=\"946\">Service France entstand aus einer einfachen Erkenntnis: Schreiben darf niemals eine Barriere sein \u2013 weder f\u00fcr Ihre Rechte noch f\u00fcr Ihren Erfolg.<\/p>\t\t\t\t\t\t\t\t<\/div>\n\t\t\t\t<div class=\"elementor-element elementor-element-7695109f elementor-mobile-align-start elementor-align-start elementor-icon-list--layout-traditional elementor-list-item-link-full_width de_scroll_animation_no elementor-widget elementor-widget-icon-list\" data-id=\"7695109f\" data-element_type=\"widget\" data-e-type=\"widget\" data-widget_type=\"icon-list.default\">\n\t\t\t\t\t\t\t<ul class=\"elementor-icon-list-items\">\n\t\t\t\t\t\t\t<li class=\"elementor-icon-list-item\">\n\t\t\t\t\t\t\t\t\t\t\t<span class=\"elementor-icon-list-icon\">\n\t\t\t\t\t\t\t<i aria-hidden=\"true\" class=\"icon icon-check\"><\/i>\t\t\t\t\t\t<\/span>\n\t\t\t\t\t\t\t\t\t\t<span class=\"elementor-icon-list-text\"><b>Sch\u00fctzen:<\/b> Wir verfassen Texte, um Ihre Rechte gegen\u00fcber Institutionen und bei allt\u00e4glichen Streitf\u00e4llen zu verteidigen.<\/span>\n\t\t\t\t\t\t\t\t\t<\/li>\n\t\t\t\t\t\t\t\t<li class=\"elementor-icon-list-item\">\n\t\t\t\t\t\t\t\t\t\t\t<span class=\"elementor-icon-list-icon\">\n\t\t\t\t\t\t\t<i aria-hidden=\"true\" class=\"icon icon-check\"><\/i>\t\t\t\t\t\t<\/span>\n\t\t\t\t\t\t\t\t\t\t<span class=\"elementor-icon-list-text\"><b>Vorantreiben: <\/b>Wir erstellen Inhalte, die Unternehmen (SEO, Copywriting) und Karrieren (Lebensl\u00e4ufe) wachsen lassen.<\/span>\n\t\t\t\t\t\t\t\t\t<\/li>\n\t\t\t\t\t\t\t\t<li class=\"elementor-icon-list-item\">\n\t\t\t\t\t\t\t\t\t\t\t<span class=\"elementor-icon-list-icon\">\n\t\t\t\t\t\t\t<i aria-hidden=\"true\" class=\"icon icon-check\"><\/i>\t\t\t\t\t\t<\/span>\n\t\t\t\t\t\t\t\t\t\t<span class=\"elementor-icon-list-text\"><b>Vereinfachen:<\/b> Wir verwandeln komplexen Fachjargon in klare, pr\u00e4zise und wirkungsvolle Texte.<\/span>\n\t\t\t\t\t\t\t\t\t<\/li>\n\t\t\t\t\t\t<\/ul>\n\t\t\t\t\t\t<\/div>\n\t\t\t\t<div class=\"elementor-element elementor-element-1da4158 de_scroll_animation_no elementor-widget elementor-widget-button\" data-id=\"1da4158\" data-element_type=\"widget\" data-e-type=\"widget\" data-widget_type=\"button.default\">\n\t\t\t\t\t\t\t\t\t\t<a class=\"elementor-button elementor-button-link elementor-size-sm\" href=\"https:\/\/service-france.com\/de\/btq-dt\/\">\n\t\t\t\t\t\t<span class=\"elementor-button-content-wrapper\">\n\t\t\t\t\t\t\t\t\t<span class=\"elementor-button-text\">MEINEN SERVICE FINDEN<\/span>\n\t\t\t\t\t<\/span>\n\t\t\t\t\t<\/a>\n\t\t\t\t\t\t\t\t<\/div>\n\t\t\t\t\t<\/div>\n\t\t<\/div>\n\t\t\t\t\t<\/div>\n\t\t<\/section>\n\t\t\t\t\t<\/div>\n\t\t<\/div>\n\t\t\t\t\t<\/div>\n\t\t<\/section>\n\t\t\t\t<section class=\"elementor-section elementor-top-section elementor-element elementor-element-845f3a3 elementor-reverse-mobile elementor-section-boxed elementor-section-height-default elementor-section-height-default\" data-id=\"845f3a3\" data-element_type=\"section\" data-e-type=\"section\" data-settings=\"{&quot;background_background&quot;:&quot;classic&quot;}\">\n\t\t\t\t\t\t\t<div class=\"elementor-background-overlay\"><\/div>\n\t\t\t\t\t\t\t<div class=\"elementor-container elementor-column-gap-default\">\n\t\t\t\t\t<div class=\"elementor-column elementor-col-100 elementor-top-column elementor-element elementor-element-62a0c0bc\" data-id=\"62a0c0bc\" data-element_type=\"column\" data-e-type=\"column\">\n\t\t\t<div class=\"elementor-widget-wrap elementor-element-populated\">\n\t\t\t\t\t\t<div class=\"elementor-element elementor-element-5a5c801 de_scroll_animation_no elementor-widget elementor-widget-heading\" data-id=\"5a5c801\" data-element_type=\"widget\" data-e-type=\"widget\" data-widget_type=\"heading.default\">\n\t\t\t\t\t<h2 class=\"elementor-heading-title elementor-size-default\">H\u00e4ufig gestellte Fragen<\/h2>\t\t\t\t<\/div>\n\t\t\t\t<div class=\"elementor-element elementor-element-1f0cf0d de_scroll_animation_no elementor-widget elementor-widget-text-editor\" data-id=\"1f0cf0d\" data-element_type=\"widget\" data-e-type=\"widget\" data-widget_type=\"text-editor.default\">\n\t\t\t\t\t\t\t\t\t<p data-start=\"1360\" data-end=\"1422\">Haben Sie Zweifel? Die Antwort finden Sie wahrscheinlich hier.<\/p>\t\t\t\t\t\t\t\t<\/div>\n\t\t\t\t<section class=\"elementor-section elementor-inner-section elementor-element elementor-element-5cbd45b2 elementor-section-boxed elementor-section-height-default elementor-section-height-default\" data-id=\"5cbd45b2\" data-element_type=\"section\" data-e-type=\"section\">\n\t\t\t\t\t\t<div class=\"elementor-container elementor-column-gap-default\">\n\t\t\t\t\t<div class=\"elementor-column elementor-col-50 elementor-inner-column elementor-element elementor-element-14d393d5\" data-id=\"14d393d5\" data-element_type=\"column\" data-e-type=\"column\">\n\t\t\t<div class=\"elementor-widget-wrap elementor-element-populated\">\n\t\t\t\t\t\t<div class=\"elementor-element elementor-element-5a671140 de_scroll_animation_no elementor-widget elementor-widget-elementskit-accordion\" data-id=\"5a671140\" data-element_type=\"widget\" data-e-type=\"widget\" data-widget_type=\"elementskit-accordion.default\">\n\t\t\t\t\t<div class=\"ekit-wid-con\" >\n        <div class=\"elementskit-accordion accoedion-primary\" id=\"accordion-69d7970f28058\">\n\n            \n                <div class=\"elementskit-card active\">\n                    <div class=\"elementskit-card-header\" id=\"primaryHeading-0-5a671140\">\n                        <a href=\"#collapse-e4af02369d7970f28058\" class=\"ekit-accordion--toggler elementskit-btn-link collapsed\" data-ekit-toggle=\"collapse\" data-target=\"#Collapse-e4af02369d7970f28058\" aria-expanded=\"true\" aria-controls=\"Collapse-e4af02369d7970f28058\">\n                            \n                            <span class=\"ekit-accordion-title\">Wie l\u00e4uft eine Bestellung ab?<\/span>\n\n                            \n                                <div class=\"ekit_accordion_icon_group\">\n                                    <div class=\"ekit_accordion_normal_icon\">\n                                        <!-- Normal Icon -->\n\t\t\t\t\t\t\t\t\t\t<i class=\"icon icon-plus\"><\/i>                                    <\/div>\n\n                                    <div class=\"ekit_accordion_active_icon\">\n                                        <!-- Active Icon -->\n\t\t\t\t\t\t\t\t\t\t<i class=\"icon icon-minus\"><\/i>                                    <\/div>\n                                <\/div>\n\n                            \n                                                    <\/a>\n                    <\/div>\n\n                    <div id=\"Collapse-e4af02369d7970f28058\" class=\"show collapse\" aria-labelledby=\"primaryHeading-0-5a671140\" data-parent=\"#accordion-69d7970f28058\">\n\n                        <div class=\"elementskit-card-body ekit-accordion--content\">\n                            <p>Ganz einfach: W\u00e4hlen Sie Ihren Service (z. B. \u201eStreitfallschreiben\u201c), bezahlen Sie online und senden Sie uns Ihre Anweisungen oder Anh\u00e4nge. Ein Redakteur \u00fcbernimmt anschlie\u00dfend und liefert Ihnen das fertige Dokument per E-Mail.<\/p>                        <\/div>\n\n                    <\/div>\n\n                <\/div><!-- .elementskit-card END -->\n\n                \n                <div class=\"elementskit-card\">\n                    <div class=\"elementskit-card-header\" id=\"primaryHeading-1-5a671140\">\n                        <a href=\"#collapse-6f9bc6369d7970f28058\" class=\"ekit-accordion--toggler elementskit-btn-link collapsed\" data-ekit-toggle=\"collapse\" data-target=\"#Collapse-6f9bc6369d7970f28058\" aria-expanded=\"false\" aria-controls=\"Collapse-6f9bc6369d7970f28058\">\n                            \n                            <span class=\"ekit-accordion-title\">Wie lange dauert die Lieferung?<\/span>\n\n                            \n                                <div class=\"ekit_accordion_icon_group\">\n                                    <div class=\"ekit_accordion_normal_icon\">\n                                        <!-- Normal Icon -->\n\t\t\t\t\t\t\t\t\t\t<i class=\"icon icon-plus\"><\/i>                                    <\/div>\n\n                                    <div class=\"ekit_accordion_active_icon\">\n                                        <!-- Active Icon -->\n\t\t\t\t\t\t\t\t\t\t<i class=\"icon icon-minus\"><\/i>                                    <\/div>\n                                <\/div>\n\n                            \n                                                    <\/a>\n                    <\/div>\n\n                    <div id=\"Collapse-6f9bc6369d7970f28058\" class=\"collapse\" aria-labelledby=\"primaryHeading-1-5a671140\" data-parent=\"#accordion-69d7970f28058\">\n\n                        <div class=\"elementskit-card-body ekit-accordion--content\">\n                            <p>Standardm\u00e4\u00dfig liefern wir innerhalb von 48 Werktagen. F\u00fcr dringende Anfragen steht bei den meisten Services w\u00e4hrend des Bezahlvorgangs eine <strong>Express-Option (24 Stunden)<\/strong> zur Verf\u00fcgung.<\/p>                        <\/div>\n\n                    <\/div>\n\n                <\/div><!-- .elementskit-card END -->\n\n                                        <\/div>\n    <\/div>\t\t\t\t<\/div>\n\t\t\t\t\t<\/div>\n\t\t<\/div>\n\t\t\t\t<div class=\"elementor-column elementor-col-50 elementor-inner-column elementor-element elementor-element-70716d34\" data-id=\"70716d34\" data-element_type=\"column\" data-e-type=\"column\">\n\t\t\t<div class=\"elementor-widget-wrap elementor-element-populated\">\n\t\t\t\t\t\t<div class=\"elementor-element elementor-element-768d7ccc de_scroll_animation_no elementor-widget elementor-widget-elementskit-accordion\" data-id=\"768d7ccc\" data-element_type=\"widget\" data-e-type=\"widget\" data-widget_type=\"elementskit-accordion.default\">\n\t\t\t\t\t<div class=\"ekit-wid-con\" >\n        <div class=\"elementskit-accordion accoedion-primary\" id=\"accordion-69d7970f289b7\">\n\n            \n                <div class=\"elementskit-card active\">\n                    <div class=\"elementskit-card-header\" id=\"primaryHeading-0-768d7ccc\">\n                        <a href=\"#collapse-e4af02369d7970f289b7\" class=\"ekit-accordion--toggler elementskit-btn-link collapsed\" data-ekit-toggle=\"collapse\" data-target=\"#Collapse-e4af02369d7970f289b7\" aria-expanded=\"true\" aria-controls=\"Collapse-e4af02369d7970f289b7\">\n                            \n                            <span class=\"ekit-accordion-title\">Sind meine pers\u00f6nlichen Dokumente sicher?<\/span>\n\n                            \n                                <div class=\"ekit_accordion_icon_group\">\n                                    <div class=\"ekit_accordion_normal_icon\">\n                                        <!-- Normal Icon -->\n\t\t\t\t\t\t\t\t\t\t<i class=\"icon icon-plus\"><\/i>                                    <\/div>\n\n                                    <div class=\"ekit_accordion_active_icon\">\n                                        <!-- Active Icon -->\n\t\t\t\t\t\t\t\t\t\t<i class=\"icon icon-minus\"><\/i>                                    <\/div>\n                                <\/div>\n\n                            \n                                                    <\/a>\n                    <\/div>\n\n                    <div id=\"Collapse-e4af02369d7970f289b7\" class=\"show collapse\" aria-labelledby=\"primaryHeading-0-768d7ccc\" data-parent=\"#accordion-69d7970f289b7\">\n\n                        <div class=\"elementskit-card-body ekit-accordion--content\">\n                            <p>Absolut. Unsere Website verwendet eine SSL-Verschl\u00fcsselung (https) f\u00fcr Zahlungen. Ihre Dokumente und Informationen werden ausschlie\u00dflich mit dem f\u00fcr Ihren Auftrag zust\u00e4ndigen Redakteur geteilt und auf Wunsch oder nach einer Inaktivit\u00e4tsphase von unseren Servern gel\u00f6scht.<\/p><p>\u00a0<\/p>                        <\/div>\n\n                    <\/div>\n\n                <\/div><!-- .elementskit-card END -->\n\n                \n                <div class=\"elementskit-card\">\n                    <div class=\"elementskit-card-header\" id=\"primaryHeading-1-768d7ccc\">\n                        <a href=\"#collapse-6f9bc6369d7970f289b7\" class=\"ekit-accordion--toggler elementskit-btn-link collapsed\" data-ekit-toggle=\"collapse\" data-target=\"#Collapse-6f9bc6369d7970f289b7\" aria-expanded=\"false\" aria-controls=\"Collapse-6f9bc6369d7970f289b7\">\n                            \n                            <span class=\"ekit-accordion-title\">In welchem Format erhalte ich mein Dokument?<\/span>\n\n                            \n                                <div class=\"ekit_accordion_icon_group\">\n                                    <div class=\"ekit_accordion_normal_icon\">\n                                        <!-- Normal Icon -->\n\t\t\t\t\t\t\t\t\t\t<i class=\"icon icon-plus\"><\/i>                                    <\/div>\n\n                                    <div class=\"ekit_accordion_active_icon\">\n                                        <!-- Active Icon -->\n\t\t\t\t\t\t\t\t\t\t<i class=\"icon icon-minus\"><\/i>                                    <\/div>\n                                <\/div>\n\n                            \n                                                    <\/a>\n                    <\/div>\n\n                    <div id=\"Collapse-6f9bc6369d7970f289b7\" class=\"collapse\" aria-labelledby=\"primaryHeading-1-768d7ccc\" data-parent=\"#accordion-69d7970f289b7\">\n\n                        <div class=\"elementskit-card-body ekit-accordion--content\">\n                            <p>Sie erhalten Ihr Dokument im <strong>Word-Format<\/strong> (bearbeitbar) sowie als <strong>PDF<\/strong> (druck- und versandfertig).<\/p>                        <\/div>\n\n                    <\/div>\n\n                <\/div><!-- .elementskit-card END -->\n\n                                        <\/div>\n    <\/div>\t\t\t\t<\/div>\n\t\t\t\t\t<\/div>\n\t\t<\/div>\n\t\t\t\t\t<\/div>\n\t\t<\/section>\n\t\t\t\t\t<\/div>\n\t\t<\/div>\n\t\t\t\t\t<\/div>\n\t\t<\/section>\n\t\t\t\t<\/div>","protected":false},"excerpt":{"rendered":"<p>Wer sind wir? Startseite Wer sind wir? Mehr als ein Schreibservice \u2013 Ihr vertrauensw\u00fcrdiger Partner. Urspr\u00fcnglich war der \u00f6ffentliche Schreiber jene Person, die auf dem Dorfplatz ihre Feder verlieh. Heute ist der \u201eDorfplatz\u201c digital, doch das Bed\u00fcrfnis ist dasselbe geblieben. Angesichts wachsender administrativer Komplexit\u00e4t und steigender Anforderungen im Web hat Service France dieses traditionsreiche Handwerk [&hellip;]<\/p>\n","protected":false},"author":1,"featured_media":0,"parent":0,"menu_order":0,"comment_status":"closed","ping_status":"closed","template":"","meta":{"footnotes":""},"class_list":["post-407","page","type-page","status-publish","hentry"],"_links":{"self":[{"href":"https:\/\/service-france.com\/de\/wp-json\/wp\/v2\/pages\/407","targetHints":{"allow":["GET"]}}],"collection":[{"href":"https:\/\/service-france.com\/de\/wp-json\/wp\/v2\/pages"}],"about":[{"href":"https:\/\/service-france.com\/de\/wp-json\/wp\/v2\/types\/page"}],"author":[{"embeddable":true,"href":"https:\/\/service-france.com\/de\/wp-json\/wp\/v2\/users\/1"}],"replies":[{"embeddable":true,"href":"https:\/\/service-france.com\/de\/wp-json\/wp\/v2\/comments?post=407"}],"version-history":[{"count":10,"href":"https:\/\/service-france.com\/de\/wp-json\/wp\/v2\/pages\/407\/revisions"}],"predecessor-version":[{"id":527,"href":"https:\/\/service-france.com\/de\/wp-json\/wp\/v2\/pages\/407\/revisions\/527"}],"wp:attachment":[{"href":"https:\/\/service-france.com\/de\/wp-json\/wp\/v2\/media?parent=407"}],"curies":[{"name":"wp","href":"https:\/\/api.w.org\/{rel}","templated":true}]}}